{"id":15273,"date":"2021-10-15T18:42:43","date_gmt":"2021-10-15T16:42:43","guid":{"rendered":"https:\/\/kutterlaw.com\/?page_id=15273"},"modified":"2022-09-18T03:37:41","modified_gmt":"2022-09-18T01:37:41","slug":"protection-des-donnees","status":"publish","type":"page","link":"https:\/\/kutterlaw.com\/fr\/protection-des-donnees\/","title":{"rendered":"Protection des donn\u00e9es"},"content":{"rendered":"\t\t<div data-elementor-type=\"wp-page\" data-elementor-id=\"15273\" class=\"elementor elementor-15273 elementor-49\" data-elementor-post-type=\"page\">\n\t\t\t\t\t\t<section class=\"elementor-section elementor-top-section elementor-element elementor-element-84ba54e elementor-section-full_width elementor-section-height-default elementor-section-height-default\" data-id=\"84ba54e\" data-element_type=\"section\" data-e-type=\"section\">\n\t\t\t\t\t\t<div class=\"elementor-container elementor-column-gap-no\">\n\t\t\t\t\t<div class=\"elementor-column elementor-col-100 elementor-top-column elementor-element elementor-element-76684ea\" data-id=\"76684ea\" data-element_type=\"column\" data-e-type=\"column\">\n\t\t\t<div class=\"elementor-widget-wrap elementor-element-populated\">\n\t\t\t\t\t\t<div class=\"elementor-element elementor-element-921bbb2 elementor-widget elementor-widget-heading\" data-id=\"921bbb2\" data-element_type=\"widget\" data-e-type=\"widget\" data-widget_type=\"heading.default\">\n\t\t\t\t<div class=\"elementor-widget-container\">\n\t\t\t\t\t<h1 class=\"elementor-heading-title elementor-size-default\">D\u00e9claration de protection des donn\u00e9es<\/h1>\t\t\t\t<\/div>\n\t\t\t\t<\/div>\n\t\t\t\t<div class=\"elementor-element elementor-element-c2f146b elementor-widget elementor-widget-text-editor\" data-id=\"c2f146b\" data-element_type=\"widget\" data-e-type=\"widget\" data-widget_type=\"text-editor.default\">\n\t\t\t\t<div class=\"elementor-widget-container\">\n\t\t\t\t\t\t\t\t\t<p>La personne responsable des donn\u00e9es personnelles collect\u00e9es lorsque vous visitez notre site Web est<\/p><p>Ma\u00eetre\u00a0Katharina Kutter<br \/>Sigismundstra\u00dfe 16<br \/>78462 Konstanz<br \/>Allemagne<\/p><p><span class=\"\">Les informations suivantes vous informent sur le recueil et l&rsquo;utilisation de vos donn\u00e9es personnelles lorsque vous visitez notre site.<\/span><\/p>\t\t\t\t\t\t\t\t<\/div>\n\t\t\t\t<\/div>\n\t\t\t\t<div class=\"elementor-element elementor-element-a2a782e elementor-widget elementor-widget-heading\" data-id=\"a2a782e\" data-element_type=\"widget\" data-e-type=\"widget\" data-widget_type=\"heading.default\">\n\t\t\t\t<div class=\"elementor-widget-container\">\n\t\t\t\t\t<h3 class=\"elementor-heading-title elementor-size-default\">1. Collecte et stockage des donn\u00e9es personnelles et le type et le but de leur utilisation<\/h3>\t\t\t\t<\/div>\n\t\t\t\t<\/div>\n\t\t\t\t<div class=\"elementor-element elementor-element-36b6c0a elementor-widget elementor-widget-heading\" data-id=\"36b6c0a\" data-element_type=\"widget\" data-e-type=\"widget\" data-widget_type=\"heading.default\">\n\t\t\t\t<div class=\"elementor-widget-container\">\n\t\t\t\t\t<h4 class=\"elementor-heading-title elementor-size-default\">1.1. Lorsque vous visitez le site web<\/h4>\t\t\t\t<\/div>\n\t\t\t\t<\/div>\n\t\t\t\t<div class=\"elementor-element elementor-element-b017ef8 elementor-widget elementor-widget-text-editor\" data-id=\"b017ef8\" data-element_type=\"widget\" data-e-type=\"widget\" data-widget_type=\"text-editor.default\">\n\t\t\t\t<div class=\"elementor-widget-container\">\n\t\t\t\t\t\t\t\t\t<p><span class=\"\">Lorsque vous visitez notre site Web www.kutterlaw.com, le navigateur utilis\u00e9 depuis votre appareil envoie automatiquement des informations \u00e0 notre serveur Site Web envoy\u00e9. Ces informations sont temporairement stock\u00e9es dans un soi-disant fichier journal. Les informations suivantes sont enregistr\u00e9es sans aucune action de votre part et stock\u00e9es jusqu&rsquo;\u00e0 ce qu&rsquo;elles soient automatiquement supprim\u00e9es:<\/span><\/p><ul class=\"defaultList\"><li><span class=\"\">adresse IP de l&rsquo;ordinateur demandeur,<\/span><\/li><li><span class=\"\">date et heure d&rsquo;acc\u00e8s,<\/span><\/li><li><span class=\"\">nom et URL du fichier consult\u00e9,<\/span><\/li><li>site Web \u00e0 partir duquel l&rsquo;acc\u00e8s a \u00e9t\u00e9 effectu\u00e9 (r\u00e9f\u00e9rent URL),<\/li><li><span class=\"\">le navigateur utilis\u00e9 et, le cas \u00e9ch\u00e9ant, le syst\u00e8me d&rsquo;exploitation de votre ordinateur et le nom de votre fournisseur d&rsquo;acc\u00e8s.<\/span><\/li><\/ul><p><span class=\"\">Les donn\u00e9es mentionn\u00e9es sont trait\u00e9es par nos soins aux fins suivantes:<\/span><\/p><ul class=\"defaultList\"><li><span class=\"\">assurer une connexion fluide au site Web,<\/span><\/li><li><span class=\"\">assurer une utilisation confortable de notre site Web,<\/span><\/li><li><span class=\"\">\u00e9valuer la s\u00e9curit\u00e9 et la stabilit\u00e9 du syst\u00e8me et<\/span><\/li><li><span class=\"\">\u00e0 d&rsquo;autres fins administratives.<\/span><\/li><\/ul><p><span class=\"\">La base juridique du traitement des donn\u00e9es est l&rsquo;article 6, paragraphe 1, paragraphe 1, lit. f RGPD. Notre int\u00e9r\u00eat l\u00e9gitime d\u00e9coule des finalit\u00e9s de la collecte de donn\u00e9es \u00e9num\u00e9r\u00e9es ci-dessus. En aucun cas, nous n&rsquo;utilisons les donn\u00e9es collect\u00e9es dans le but de tirer des conclusions sur vous.En outre, nous utilisons des cookies et des services d&rsquo;analyse lorsque vous visitez notre site Web. Vous trouverez des explications plus d\u00e9taill\u00e9es sous le no. 4 et 5 de cette d\u00e9claration de protection des donn\u00e9es.<\/span><\/p>\t\t\t\t\t\t\t\t<\/div>\n\t\t\t\t<\/div>\n\t\t\t\t<div class=\"elementor-element elementor-element-99129d7 elementor-widget elementor-widget-heading\" data-id=\"99129d7\" data-element_type=\"widget\" data-e-type=\"widget\" data-widget_type=\"heading.default\">\n\t\t\t\t<div class=\"elementor-widget-container\">\n\t\t\t\t\t<h4 class=\"elementor-heading-title elementor-size-default\">1.2. Lors de l'utilisation de notre formulaire de contact<\/h4>\t\t\t\t<\/div>\n\t\t\t\t<\/div>\n\t\t\t\t<div class=\"elementor-element elementor-element-9d52acd elementor-widget elementor-widget-text-editor\" data-id=\"9d52acd\" data-element_type=\"widget\" data-e-type=\"widget\" data-widget_type=\"text-editor.default\">\n\t\t\t\t<div class=\"elementor-widget-container\">\n\t\t\t\t\t\t\t\t\t<p><span class=\"\">Si vous avez des questions, nous vous offrons la possibilit\u00e9 de nous contacter en utilisant un formulaire fourni sur le site. Il est n\u00e9cessaire de fournir une adresse e-mail valide afin que nous sachions qui a envoy\u00e9 la demande et que nous puissions y r\u00e9pondre. Des informations suppl\u00e9mentaires peuvent \u00eatre fournies volontairement.<\/span><\/p><p>Le traitement des donn\u00e9es dans le but de nous contacter a lieu conform\u00e9ment \u00e0 l&rsquo;article 6, paragraphe 1, lit. a RGPD sur la base de votre consentement donn\u00e9 volontairement.<\/p><p><span class=\"\">Les donn\u00e9es personnelles que nous collectons pour l&rsquo;utilisation du formulaire de contact seront automatiquement supprim\u00e9es une fois votre demande trait\u00e9e.<\/span><\/p>\t\t\t\t\t\t\t\t<\/div>\n\t\t\t\t<\/div>\n\t\t\t\t<div class=\"elementor-element elementor-element-c3e1cc0 elementor-widget elementor-widget-heading\" data-id=\"c3e1cc0\" data-element_type=\"widget\" data-e-type=\"widget\" data-widget_type=\"heading.default\">\n\t\t\t\t<div class=\"elementor-widget-container\">\n\t\t\t\t\t<h3 class=\"elementor-heading-title elementor-size-default\">2. Transmission de donn\u00e9es<\/h3>\t\t\t\t<\/div>\n\t\t\t\t<\/div>\n\t\t\t\t<div class=\"elementor-element elementor-element-eaa4c28 elementor-widget elementor-widget-text-editor\" data-id=\"eaa4c28\" data-element_type=\"widget\" data-e-type=\"widget\" data-widget_type=\"text-editor.default\">\n\t\t\t\t<div class=\"elementor-widget-container\">\n\t\t\t\t\t\t\t\t\t<p><span class=\"\">Vos donn\u00e9es personnelles ne seront pas transmises \u00e0 des tiers \u00e0 des fins autres que celles \u00e9num\u00e9r\u00e9es ci-dessous. Nous ne transmettrons vos donn\u00e9es personnelles \u00e0 des tiers que si:<\/span><\/p><ul class=\"defaultList\"><li>Vous nous avez express\u00e9ment accord\u00e9 ce droit conform\u00e9ment \u00e0 l&rsquo;article 6, paragraphe 1 lit. a RGPD<\/li><li><span class=\"\">si elles sont n\u00e9cessaire pour faire valoir, exercer ou d\u00e9fendre des actions en justice et il n&rsquo;y a aucune raison de supposer que vous avez un int\u00e9r\u00eat l\u00e9gitime imp\u00e9rieux \u00e0 ne pas divulguer vos donn\u00e9es,<\/span><\/li><li>dans le cas o\u00f9 la divulgation est requise conform\u00e9ment \u00e0 l&rsquo;article 6, paragraphe 1, lit. c RGPD,<\/li><li>il existe une obligation l\u00e9gale, ainsi que cela est l\u00e9galement autoris\u00e9 et n\u00e9cessaire pour le traitement des relations contractuelles avec vous, conform\u00e9ment \u00e0 l&rsquo;article 6, paragraphe 1, lit. b RGPD<\/li><\/ul>\t\t\t\t\t\t\t\t<\/div>\n\t\t\t\t<\/div>\n\t\t\t\t<div class=\"elementor-element elementor-element-cce5307 elementor-widget elementor-widget-heading\" data-id=\"cce5307\" data-element_type=\"widget\" data-e-type=\"widget\" data-widget_type=\"heading.default\">\n\t\t\t\t<div class=\"elementor-widget-container\">\n\t\t\t\t\t<h3 class=\"elementor-heading-title elementor-size-default\">3. Cookies<\/h3>\t\t\t\t<\/div>\n\t\t\t\t<\/div>\n\t\t\t\t<div class=\"elementor-element elementor-element-3d95a2c elementor-widget elementor-widget-text-editor\" data-id=\"3d95a2c\" data-element_type=\"widget\" data-e-type=\"widget\" data-widget_type=\"text-editor.default\">\n\t\t\t\t<div class=\"elementor-widget-container\">\n\t\t\t\t\t\t\t\t\t<p><span class=\"\">Nous utilisons des cookies sur notre site Web. Il s&rsquo;agit de petits fichiers que votre navigateur cr\u00e9\u00e9 automatiquement et qui sont stock\u00e9s sur votre appareil (ordinateur portable, tablette, smartphone, etc.) lorsque vous visitez notre site. Les cookies ne causent aucun dommage \u00e0 votre appareil, ne contiennent pas de virus, chevaux de Troie ou autres logiciels malveillants.<\/span><\/p><p><span class=\"\">Les informations sont stock\u00e9es dans le cookie qui am\u00e9liorent l&rsquo;utilisation de notre site. Cela ne signifie pas que nous avons imm\u00e9diatement connaissance de votre identit\u00e9. L&rsquo;utilisation de cookies sert d&rsquo;une part \u00e0 rendre l&rsquo;utilisation de notre offre plus agr\u00e9able pour vous. Nous utilisons des cookies de session pour reconna\u00eetre que vous avez d\u00e9j\u00e0 visit\u00e9 des pages individuelles de notre site Web. Ceux-ci sont automatiquement supprim\u00e9s lorsque vous quittez notre site.<\/span><\/p><p><span class=\"\">En outre, nous utilisons \u00e9galement des cookies temporaires pour optimiser la convivialit\u00e9, qui sont stock\u00e9s sur votre appareil pendant une p\u00e9riode de temps sp\u00e9cifique. Si vous visitez \u00e0 nouveau notre site pour utiliser nos services, il est automatiquement reconnu que vous nous avez d\u00e9j\u00e0 visit\u00e9 et quelles entr\u00e9es et param\u00e8tres vous avez effectu\u00e9s afin que vous n&rsquo;ayez pas \u00e0 les saisir \u00e0 nouveau. D&rsquo;autre part, nous utilisons des cookies afin d&rsquo;enregistrer statistiquement l&rsquo;utilisation de notre site Internet et l&rsquo;\u00e9valuer dans le but d&rsquo;optimiser notre offre (voir section 5).Les donn\u00e9es trait\u00e9es par les cookies sont n\u00e9cessaires aux fins mentionn\u00e9es pour sauvegarder nos int\u00e9r\u00eats l\u00e9gitimes et ceux de tiers conform\u00e9ment \u00e0 l&rsquo;article 6, paragraphe 1, lit. f RGPD requis. La plupart des navigateurs acceptent automatiquement les cookies. Cependant, vous pouvez configurer votre navigateur pour qu&rsquo;aucun cookie ne soit stock\u00e9 sur votre ordinateur ou qu&rsquo;un message apparaisse toujours avant la cr\u00e9ation d&rsquo;un nouveau cookie. Cependant, si vous d\u00e9sactivez compl\u00e8tement les cookies, vous ne pourrez peut-\u00eatre pas utiliser toutes les fonctions de notre site Web.<\/span><\/p>\t\t\t\t\t\t\t\t<\/div>\n\t\t\t\t<\/div>\n\t\t\t\t<div class=\"elementor-element elementor-element-a2fe8bf elementor-widget elementor-widget-heading\" data-id=\"a2fe8bf\" data-element_type=\"widget\" data-e-type=\"widget\" data-widget_type=\"heading.default\">\n\t\t\t\t<div class=\"elementor-widget-container\">\n\t\t\t\t\t<h3 class=\"elementor-heading-title elementor-size-default\">4. Betroffenenrechte<\/h3>\t\t\t\t<\/div>\n\t\t\t\t<\/div>\n\t\t\t\t<div class=\"elementor-element elementor-element-88e7c31 elementor-widget elementor-widget-text-editor\" data-id=\"88e7c31\" data-element_type=\"widget\" data-e-type=\"widget\" data-widget_type=\"text-editor.default\">\n\t\t\t\t<div class=\"elementor-widget-container\">\n\t\t\t\t\t\t\t\t\t<p>Vous avez le droit de:<\/p><ul class=\"defaultList\"><li><span class=\"\">demander des informations sur vos donn\u00e9es personnelles que nous traitons conform\u00e9ment \u00e0 l&rsquo;article 15 du RGPD. En particulier, vous pouvez obtenir des informations sur les finalit\u00e9s du traitement, la cat\u00e9gorie de donn\u00e9es personnelles, les cat\u00e9gories de destinataires auxquels vos donn\u00e9es ont \u00e9t\u00e9 ou seront divulgu\u00e9es, la dur\u00e9e de conservation pr\u00e9vue, l&rsquo;existence d&rsquo;un droit de rectification, de suppression, de limitation du traitement ou d&rsquo;opposition, l&rsquo;existence d&rsquo;un droit de d\u00e9poser une plainte, demander l&rsquo;origine de vos donn\u00e9es, si nous ne les avons pas collect\u00e9es, ainsi que l&rsquo;existence d&rsquo;une prise de d\u00e9cision automatis\u00e9e, y compris le profilage et, si n\u00e9cessaire, des informations significatives sur leurs coordonn\u00e9es;<\/span><\/li><li>demander la correction imm\u00e9diate des donn\u00e9es personnelles incorrectes ou incompl\u00e8tes que nous avons stock\u00e9es conform\u00e9ment \u00e0 l&rsquo;article 16 du RGPD;<\/li><li>demander la suppression de vos donn\u00e9es personnelles si vous contestez l&rsquo;exactitude des donn\u00e9es, la licit\u00e9 du traitement, mais vous refusez de les supprimer et nous n&rsquo;avons plus besoin des donn\u00e9es, mais vous en avez besoin pour faire valoir, exercer ou d\u00e9fendre des droits l\u00e9gaux<\/li><li>demander la limitation du traitement de vos donn\u00e9s personnelles, si vous contestez l&rsquo;exactitude des donn\u00e9es, le traitement est ill\u00e9gal, mais vous le supprimez rejeter et nous n&rsquo;avons plus besoin des donn\u00e9es, mais vous en avez besoin pour faire valoir, exercer ou d\u00e9fendre des actions en justice ou vous vous \u00eates oppos\u00e9 au traitement conform\u00e9ment \u00e0 l&rsquo;article 21 du RGPD (article 18 du RGPD);<\/li><li>demander que nous sauvegardons vos donn\u00e9es personnelles dans un format structur\u00e9, courant et lisible par machine et demander le transfert \u00e0 une autre personne responsable (article 20 du RGPD)<\/li><li>r\u00e9voquer votre consentement conform\u00e9ment \u00e0 l&rsquo;article 7, paragraphe 3 du RGPD. En cons\u00e9quence, nous ne sommes plus autoris\u00e9s \u00e0 poursuivre le traitement des donn\u00e9es pour l&rsquo;avenir<\/li><li>\u00e0 porter plainte aupr\u00e8s d&rsquo;une autorit\u00e9 de contr\u00f4le. En r\u00e8gle g\u00e9n\u00e9rale, vous pouvez contacter l&rsquo;autorit\u00e9 de surveillance de votre lieu de r\u00e9sidence ou de travail habituel. (article 77 du RGPD)<\/li><\/ul>\t\t\t\t\t\t\t\t<\/div>\n\t\t\t\t<\/div>\n\t\t\t\t<div class=\"elementor-element elementor-element-ebdb497 elementor-widget elementor-widget-heading\" data-id=\"ebdb497\" data-element_type=\"widget\" data-e-type=\"widget\" data-widget_type=\"heading.default\">\n\t\t\t\t<div class=\"elementor-widget-container\">\n\t\t\t\t\t<h3 class=\"elementor-heading-title elementor-size-default\">5. Droit d'opposition<\/h3>\t\t\t\t<\/div>\n\t\t\t\t<\/div>\n\t\t\t\t<div class=\"elementor-element elementor-element-63283a6 elementor-widget elementor-widget-text-editor\" data-id=\"63283a6\" data-element_type=\"widget\" data-e-type=\"widget\" data-widget_type=\"text-editor.default\">\n\t\t\t\t<div class=\"elementor-widget-container\">\n\t\t\t\t\t\t\t\t\t<p>Vous avez le droit de vous opposer au traitement de vos donn\u00e9es personnelles conform\u00e9ment \u00e0 l&rsquo;article 21 du RGPD, \u00e0 condition qu&rsquo;il y ait des raisons \u00e0 cela qui d\u00e9coulent de votre situation particuli\u00e8re ou que l&rsquo;opposition soit dirig\u00e9e contre de la publicit\u00e9. Dans ce dernier cas, vous disposez d&rsquo;un droit d&rsquo;opposition g\u00e9n\u00e9ral, que nous mettrons en \u0153uvre sans pr\u00e9ciser de situation particuli\u00e8re. Si vous souhaitez faire usage de votre droit de r\u00e9tractation ou d&rsquo;opposition, un email \u00e0 kontakt@kutter-law.com suffit.<\/p>\t\t\t\t\t\t\t\t<\/div>\n\t\t\t\t<\/div>\n\t\t\t\t<div class=\"elementor-element elementor-element-9182bad elementor-widget elementor-widget-heading\" data-id=\"9182bad\" data-element_type=\"widget\" data-e-type=\"widget\" data-widget_type=\"heading.default\">\n\t\t\t\t<div class=\"elementor-widget-container\">\n\t\t\t\t\t<h3 class=\"elementor-heading-title elementor-size-default\">6. S\u00e9curit\u00e9 des donn\u00e9s<\/h3>\t\t\t\t<\/div>\n\t\t\t\t<\/div>\n\t\t\t\t<div class=\"elementor-element elementor-element-06c1788 elementor-widget elementor-widget-text-editor\" data-id=\"06c1788\" data-element_type=\"widget\" data-e-type=\"widget\" data-widget_type=\"text-editor.default\">\n\t\t\t\t<div class=\"elementor-widget-container\">\n\t\t\t\t\t\t\t\t\t<p>Nous utilisons la m\u00e9thode SSL (Secure Socket Layer) avec le plus haut niveau de cryptage pris en charge par votre navigateur lorsque vous visitez notre site Web. En r\u00e8gle g\u00e9n\u00e9rale, il s&rsquo;agit d&rsquo;un cryptage 256 bits. Si votre navigateur ne prend pas en charge le cryptage 256 bits, nous utilisons la technologie 128 bits v3 \u00e0 la place. Vous pouvez savoir si une page individuelle de notre site Web est transmise sous forme crypt\u00e9e gr\u00e2ce \u00e0 la cl\u00e9 ferm\u00e9e ou au symbole de verrouillage dans la barre d&rsquo;\u00e9tat de votre navigateur.<\/p><p>Nous utilisons \u00e9galement des mesures de s\u00e9curit\u00e9 techniques et organisationnelles appropri\u00e9es pour prot\u00e9ger vos donn\u00e9es contre toute manipulation accidentelle ou d\u00e9lib\u00e9r\u00e9e, pour prot\u00e9ger la perte partielle ou totale, la destruction ou et contre l&rsquo;acc\u00e8s non autoris\u00e9 par des tiers. Nos mesures de s\u00e9curit\u00e9 sont continuellement am\u00e9lior\u00e9es en fonction des \u00e9volutions technologiques.<\/p>\t\t\t\t\t\t\t\t<\/div>\n\t\t\t\t<\/div>\n\t\t\t\t<div class=\"elementor-element elementor-element-18b838e elementor-widget elementor-widget-heading\" data-id=\"18b838e\" data-element_type=\"widget\" data-e-type=\"widget\" data-widget_type=\"heading.default\">\n\t\t\t\t<div class=\"elementor-widget-container\">\n\t\t\t\t\t<h3 class=\"elementor-heading-title elementor-size-default\">7. Mise \u00e0 jour et modifications de cette d\u00e9claration de protection des donn\u00e9es<\/h3>\t\t\t\t<\/div>\n\t\t\t\t<\/div>\n\t\t\t\t<div class=\"elementor-element elementor-element-f5ac1b7 elementor-widget elementor-widget-text-editor\" data-id=\"f5ac1b7\" data-element_type=\"widget\" data-e-type=\"widget\" data-widget_type=\"text-editor.default\">\n\t\t\t\t<div class=\"elementor-widget-container\">\n\t\t\t\t\t\t\t\t\t<p>Cette d\u00e9claration de protection des donn\u00e9es est actuellement valable et date d&rsquo;ao\u00fbt 2020. En raison du d\u00e9veloppement ult\u00e9rieur de notre site Web et des offres ou des modifications des exigences l\u00e9gales ou r\u00e9glementaires, il peut \u00eatre n\u00e9cessaire de modifier cette d\u00e9claration. Vous pouvez consulter et imprimer \u00e0 tout moment la d\u00e9claration de protection des donn\u00e9es actuelle sur le site Web \u00e0 l&rsquo;adresse <a href=\"https:\/\/kutterlaw.com\/fr\/protection-des-donnees\/\">https:\/\/kutterlaw.com\/fr\/protection-des-donnees\/<\/a>.<\/p>\t\t\t\t\t\t\t\t<\/div>\n\t\t\t\t<\/div>\n\t\t\t\t\t<\/div>\n\t\t<\/div>\n\t\t\t\t\t<\/div>\n\t\t<\/section>\n\t\t\t\t<\/div>\n\t\t","protected":false},"excerpt":{"rendered":"<p>D\u00e9claration de protection des donn\u00e9es La personne responsable des donn\u00e9es personnelles collect\u00e9es lorsque vous visitez notre site Web est Ma\u00eetre\u00a0Katharina KutterSigismundstra\u00dfe 1678462 KonstanzAllemagne Les informations suivantes vous informent sur le recueil et l&rsquo;utilisation de vos donn\u00e9es personnelles lorsque vous visitez notre site. 1. Collecte et stockage des donn\u00e9es personnelles et le type et le but [&hellip;]<\/p>\n","protected":false},"author":1,"featured_media":0,"parent":0,"menu_order":1000,"comment_status":"closed","ping_status":"closed","template":"","meta":{"footnotes":""},"class_list":["post-15273","page","type-page","status-publish","hentry"],"_links":{"self":[{"href":"https:\/\/kutterlaw.com\/fr\/wp-json\/wp\/v2\/pages\/15273","targetHints":{"allow":["GET"]}}],"collection":[{"href":"https:\/\/kutterlaw.com\/fr\/wp-json\/wp\/v2\/pages"}],"about":[{"href":"https:\/\/kutterlaw.com\/fr\/wp-json\/wp\/v2\/types\/page"}],"author":[{"embeddable":true,"href":"https:\/\/kutterlaw.com\/fr\/wp-json\/wp\/v2\/users\/1"}],"replies":[{"embeddable":true,"href":"https:\/\/kutterlaw.com\/fr\/wp-json\/wp\/v2\/comments?post=15273"}],"version-history":[{"count":0,"href":"https:\/\/kutterlaw.com\/fr\/wp-json\/wp\/v2\/pages\/15273\/revisions"}],"wp:attachment":[{"href":"https:\/\/kutterlaw.com\/fr\/wp-json\/wp\/v2\/media?parent=15273"}],"curies":[{"name":"wp","href":"https:\/\/api.w.org\/{rel}","templated":true}]}}