{"id":15168,"date":"2021-10-15T18:42:33","date_gmt":"2021-10-15T16:42:33","guid":{"rendered":"https:\/\/kutterlaw.com\/mentions-legales\/"},"modified":"2022-09-29T00:16:31","modified_gmt":"2022-09-28T22:16:31","slug":"mentions-legales","status":"publish","type":"page","link":"https:\/\/kutterlaw.com\/fr\/mentions-legales\/","title":{"rendered":"Mentions l\u00e9gales"},"content":{"rendered":"\t\t<div data-elementor-type=\"wp-page\" data-elementor-id=\"15168\" class=\"elementor elementor-15168 elementor-47\" data-elementor-post-type=\"page\">\n\t\t\t\t\t\t<section class=\"elementor-section elementor-top-section elementor-element elementor-element-0f15fab elementor-section-full_width elementor-section-height-default elementor-section-height-default\" data-id=\"0f15fab\" data-element_type=\"section\" data-e-type=\"section\">\n\t\t\t\t\t\t<div class=\"elementor-container elementor-column-gap-no\">\n\t\t\t\t\t<div class=\"elementor-column elementor-col-100 elementor-top-column elementor-element elementor-element-3f8484c\" data-id=\"3f8484c\" data-element_type=\"column\" data-e-type=\"column\">\n\t\t\t<div class=\"elementor-widget-wrap elementor-element-populated\">\n\t\t\t\t\t\t<div class=\"elementor-element elementor-element-e97756f elementor-widget elementor-widget-heading\" data-id=\"e97756f\" data-element_type=\"widget\" data-e-type=\"widget\" data-widget_type=\"heading.default\">\n\t\t\t\t<div class=\"elementor-widget-container\">\n\t\t\t\t\t<h1 class=\"elementor-heading-title elementor-size-default\">Mentions l\u00e9gales<\/h1>\t\t\t\t<\/div>\n\t\t\t\t<\/div>\n\t\t\t\t<div class=\"elementor-element elementor-element-1a999b4 elementor-widget elementor-widget-heading\" data-id=\"1a999b4\" data-element_type=\"widget\" data-e-type=\"widget\" data-widget_type=\"heading.default\">\n\t\t\t\t<div class=\"elementor-widget-container\">\n\t\t\t\t\t<h3 class=\"elementor-heading-title elementor-size-default\">Responsable<\/h3>\t\t\t\t<\/div>\n\t\t\t\t<\/div>\n\t\t\t\t<div class=\"elementor-element elementor-element-2ab8a25 elementor-widget elementor-widget-text-editor\" data-id=\"2ab8a25\" data-element_type=\"widget\" data-e-type=\"widget\" data-widget_type=\"text-editor.default\">\n\t\t\t\t<div class=\"elementor-widget-container\">\n\t\t\t\t\t\t\t\t\t<p>Katharina Kutter<br \/>Avocate<\/p>\n\t\t\t\t\t\t\t\t<\/div>\n\t\t\t\t<\/div>\n\t\t\t\t<div class=\"elementor-element elementor-element-51f5d6f elementor-widget elementor-widget-heading\" data-id=\"51f5d6f\" data-element_type=\"widget\" data-e-type=\"widget\" data-widget_type=\"heading.default\">\n\t\t\t\t<div class=\"elementor-widget-container\">\n\t\t\t\t\t<h3 class=\"elementor-heading-title elementor-size-default\">Contact<\/h3>\t\t\t\t<\/div>\n\t\t\t\t<\/div>\n\t\t\t\t<div class=\"elementor-element elementor-element-b31acab elementor-widget elementor-widget-text-editor\" data-id=\"b31acab\" data-element_type=\"widget\" data-e-type=\"widget\" data-widget_type=\"text-editor.default\">\n\t\t\t\t<div class=\"elementor-widget-container\">\n\t\t\t\t\t\t\t\t\t<p>Sigismundstr. 16<br \/>78462 Konstanz<br \/>Allemagne<\/p>\n<p>T\u00e9l\u00e9phone: +49 7531 282100<br \/>Fax: +49 7531 28210-10<br \/>E-mail: info@kutterlaw.com<\/p>\n\t\t\t\t\t\t\t\t<\/div>\n\t\t\t\t<\/div>\n\t\t\t\t<div class=\"elementor-element elementor-element-ff3741c elementor-widget elementor-widget-heading\" data-id=\"ff3741c\" data-element_type=\"widget\" data-e-type=\"widget\" data-widget_type=\"heading.default\">\n\t\t\t\t<div class=\"elementor-widget-container\">\n\t\t\t\t\t<h3 class=\"elementor-heading-title elementor-size-default\">R\u00e8glements professionnels applicables<\/h3>\t\t\t\t<\/div>\n\t\t\t\t<\/div>\n\t\t\t\t<div class=\"elementor-element elementor-element-b0c1c14 elementor-widget elementor-widget-text-editor\" data-id=\"b0c1c14\" data-element_type=\"widget\" data-e-type=\"widget\" data-widget_type=\"text-editor.default\">\n\t\t\t\t<div class=\"elementor-widget-container\">\n\t\t\t\t\t\t\t\t\t<p>Bundesrechtsanwaltsordnung (BRAO) (Loi f\u00e9d\u00e9rale de la gestion des avocats)<br \/>Rechtsanwaltsverg\u00fctungsgesetz (RVG) (Loi sur la r\u00e9mun\u00e9ration des avocats)<br \/>Berufsordnung f\u00fcr Rechtsanw\u00e4lte (BORA) (Code professionnel des avocats)<\/p>\n\t\t\t\t\t\t\t\t<\/div>\n\t\t\t\t<\/div>\n\t\t\t\t<div class=\"elementor-element elementor-element-df4bc88 elementor-widget elementor-widget-heading\" data-id=\"df4bc88\" data-element_type=\"widget\" data-e-type=\"widget\" data-widget_type=\"heading.default\">\n\t\t\t\t<div class=\"elementor-widget-container\">\n\t\t\t\t\t<h3 class=\"elementor-heading-title elementor-size-default\">Num\u00e9ro d'identification fiscale<\/h3>\t\t\t\t<\/div>\n\t\t\t\t<\/div>\n\t\t\t\t<div class=\"elementor-element elementor-element-920ed02 elementor-widget elementor-widget-text-editor\" data-id=\"920ed02\" data-element_type=\"widget\" data-e-type=\"widget\" data-widget_type=\"text-editor.default\">\n\t\t\t\t<div class=\"elementor-widget-container\">\n\t\t\t\t\t\t\t\t\t<p>Ust-ID: DE310100664<\/p>\n\t\t\t\t\t\t\t\t<\/div>\n\t\t\t\t<\/div>\n\t\t\t\t<div class=\"elementor-element elementor-element-556d59d elementor-widget elementor-widget-heading\" data-id=\"556d59d\" data-element_type=\"widget\" data-e-type=\"widget\" data-widget_type=\"heading.default\">\n\t\t\t\t<div class=\"elementor-widget-container\">\n\t\t\t\t\t<h3 class=\"elementor-heading-title elementor-size-default\">Barreau comp\u00e9tent<\/h3>\t\t\t\t<\/div>\n\t\t\t\t<\/div>\n\t\t\t\t<div class=\"elementor-element elementor-element-004da44 elementor-widget elementor-widget-text-editor\" data-id=\"004da44\" data-element_type=\"widget\" data-e-type=\"widget\" data-widget_type=\"text-editor.default\">\n\t\t\t\t<div class=\"elementor-widget-container\">\n\t\t\t\t\t\t\t\t\t<p>Barreau de Fribourg, Allemagne<\/p>\n\t\t\t\t\t\t\t\t<\/div>\n\t\t\t\t<\/div>\n\t\t\t\t<div class=\"elementor-element elementor-element-32a35b7 elementor-widget elementor-widget-heading\" data-id=\"32a35b7\" data-element_type=\"widget\" data-e-type=\"widget\" data-widget_type=\"heading.default\">\n\t\t\t\t<div class=\"elementor-widget-container\">\n\t\t\t\t\t<h3 class=\"elementor-heading-title elementor-size-default\">Assurance de responsabilit\u00e9 civile professionnelle<\/h3>\t\t\t\t<\/div>\n\t\t\t\t<\/div>\n\t\t\t\t<div class=\"elementor-element elementor-element-0e57500 elementor-widget elementor-widget-text-editor\" data-id=\"0e57500\" data-element_type=\"widget\" data-e-type=\"widget\" data-widget_type=\"text-editor.default\">\n\t\t\t\t<div class=\"elementor-widget-container\">\n\t\t\t\t\t\t\t\t\t<p>R+V Allgemeine Versicherung<br \/>Raiffeisenplatz 1<br \/>65189 Wiesbaden<br \/>Allemagne<\/p>\n\t\t\t\t\t\t\t\t<\/div>\n\t\t\t\t<\/div>\n\t\t\t\t<div class=\"elementor-element elementor-element-544b5b4 elementor-widget elementor-widget-heading\" data-id=\"544b5b4\" data-element_type=\"widget\" data-e-type=\"widget\" data-widget_type=\"heading.default\">\n\t\t\t\t<div class=\"elementor-widget-container\">\n\t\t\t\t\t<h3 class=\"elementor-heading-title elementor-size-default\">R\u00e9alisation site web &amp; branding<\/h3>\t\t\t\t<\/div>\n\t\t\t\t<\/div>\n\t\t\t\t<div class=\"elementor-element elementor-element-581a334 elementor-widget elementor-widget-image\" data-id=\"581a334\" data-element_type=\"widget\" data-e-type=\"widget\" data-widget_type=\"image.default\">\n\t\t\t\t<div class=\"elementor-widget-container\">\n\t\t\t\t\t\t\t\t\t\t\t\t\t\t\t\t<a href=\"https:\/\/swissux.com\" target=\"_blank\" rel=\"noopener\">\n\t\t\t\t\t\t\t<img decoding=\"async\" width=\"237\" height=\"36\" src=\"https:\/\/kutterlaw.com\/wp-content\/uploads\/2022\/08\/swissux.svg\" class=\"attachment-medium_large size-medium_large wp-image-14347\" alt=\"\" \/>\t\t\t\t\t\t\t\t<\/a>\n\t\t\t\t\t\t\t\t\t\t\t\t\t\t\t<\/div>\n\t\t\t\t<\/div>\n\t\t\t\t<div class=\"elementor-element elementor-element-54a4730 elementor-widget elementor-widget-text-editor\" data-id=\"54a4730\" data-element_type=\"widget\" data-e-type=\"widget\" data-widget_type=\"text-editor.default\">\n\t\t\t\t<div class=\"elementor-widget-container\">\n\t\t\t\t\t\t\t\t\t<p>SWISS UX GmbH<br \/>Hafenstrasse 50<br \/>8280 Kreuzlingen<br \/>Suisse<\/p>\n<p><a href=\"mailto:hello@swissux.com\">hello@swissux.com<\/a><br \/><a href=\"https:\/\/swissux.com\" target=\"_blank\" rel=\"noopener\">www.swissux.com<\/a><\/p>\n\t\t\t\t\t\t\t\t<\/div>\n\t\t\t\t<\/div>\n\t\t\t\t<div class=\"elementor-element elementor-element-c98ce7e elementor-widget elementor-widget-heading\" data-id=\"c98ce7e\" data-element_type=\"widget\" data-e-type=\"widget\" data-widget_type=\"heading.default\">\n\t\t\t\t<div class=\"elementor-widget-container\">\n\t\t\t\t\t<h3 class=\"elementor-heading-title elementor-size-default\">Responsabilit\u00e9 du contenu<\/h3>\t\t\t\t<\/div>\n\t\t\t\t<\/div>\n\t\t\t\t<div class=\"elementor-element elementor-element-9a40008 elementor-widget elementor-widget-text-editor\" data-id=\"9a40008\" data-element_type=\"widget\" data-e-type=\"widget\" data-widget_type=\"text-editor.default\">\n\t\t\t\t<div class=\"elementor-widget-container\">\n\t\t\t\t\t\t\t\t\t<p>En tant que prestataire de services, nous sommes responsables, conform\u00e9ment \u00e0 l&rsquo;article 7, paragraphe 1, de la loi allemande sur les t\u00e9l\u00e9m\u00e9dias (TMG), de nos propres contenus sur ces pages selon les lois g\u00e9n\u00e9rales. Conform\u00e9ment aux \u00a7\u00a7 8 \u00e0 10 de la loi allemande sur les m\u00e9dias \u00e9lectroniques (TMG), nous ne sommes toutefois pas tenus, en tant que prestataire de services, de surveiller les informations externes transmises ou enregistr\u00e9es ou de rechercher des circonstances indiquant une activit\u00e9 ill\u00e9gale.<\/p>\n<p>Les obligations de supprimer ou de bloquer l&rsquo;utilisation d&rsquo;informations conform\u00e9ment aux lois g\u00e9n\u00e9rales restent inchang\u00e9es. Une responsabilit\u00e9 \u00e0 cet \u00e9gard n&rsquo;est toutefois possible qu&rsquo;\u00e0 partir du moment o\u00f9 une violation concr\u00e8te de la loi est connue. D\u00e8s que nous aurons connaissance de telles violations, nous retirerons imm\u00e9diatement ces contenus.<\/p>\n\t\t\t\t\t\t\t\t<\/div>\n\t\t\t\t<\/div>\n\t\t\t\t<div class=\"elementor-element elementor-element-3bc9893 elementor-widget elementor-widget-heading\" data-id=\"3bc9893\" data-element_type=\"widget\" data-e-type=\"widget\" data-widget_type=\"heading.default\">\n\t\t\t\t<div class=\"elementor-widget-container\">\n\t\t\t\t\t<h3 class=\"elementor-heading-title elementor-size-default\">Responsabilit\u00e9 pour les liens<\/h3>\t\t\t\t<\/div>\n\t\t\t\t<\/div>\n\t\t\t\t<div class=\"elementor-element elementor-element-a4840ec elementor-widget elementor-widget-text-editor\" data-id=\"a4840ec\" data-element_type=\"widget\" data-e-type=\"widget\" data-widget_type=\"text-editor.default\">\n\t\t\t\t<div class=\"elementor-widget-container\">\n\t\t\t\t\t\t\t\t\t<p>Notre offre contient des liens vers des sites web externes de tiers, sur le contenu desquels nous n&rsquo;avons aucune influence. C&rsquo;est pourquoi nous ne pouvons pas non plus nous porter garants de ces contenus \u00e9trangers. Le fournisseur ou l&rsquo;exploitant des pages li\u00e9es est toujours responsable du contenu de ces pages. Les pages li\u00e9es ont \u00e9t\u00e9 v\u00e9rifi\u00e9es au moment de la cr\u00e9ation du lien afin de s&rsquo;assurer qu&rsquo;elles n&rsquo;enfreignaient pas la loi. Aucun contenu ill\u00e9gal n&rsquo;a \u00e9t\u00e9 identifi\u00e9 au moment de la cr\u00e9ation des liens.<\/p>\n<p>Un contr\u00f4le permanent du contenu des pages li\u00e9es n&rsquo;est toutefois pas exigible sans indices concrets d&rsquo;une violation de la loi. Eine permanente inhaltliche Kontrolle der verlinkten Seiten ist jedoch ohne konkrete Anhaltspunkte einer Rechtsverletzung nicht zumutbar.<\/p>\n\t\t\t\t\t\t\t\t<\/div>\n\t\t\t\t<\/div>\n\t\t\t\t<div class=\"elementor-element elementor-element-971c784 elementor-widget elementor-widget-heading\" data-id=\"971c784\" data-element_type=\"widget\" data-e-type=\"widget\" data-widget_type=\"heading.default\">\n\t\t\t\t<div class=\"elementor-widget-container\">\n\t\t\t\t\t<h3 class=\"elementor-heading-title elementor-size-default\">Droit d'auteur<\/h3>\t\t\t\t<\/div>\n\t\t\t\t<\/div>\n\t\t\t\t<div class=\"elementor-element elementor-element-136dda4 elementor-widget elementor-widget-text-editor\" data-id=\"136dda4\" data-element_type=\"widget\" data-e-type=\"widget\" data-widget_type=\"text-editor.default\">\n\t\t\t\t<div class=\"elementor-widget-container\">\n\t\t\t\t\t\t\t\t\t<p>Les contenus et \u0153uvres cr\u00e9\u00e9s par les exploitants de ces pages sont soumis au droit d&rsquo;auteur allemand. La reproduction, le traitement, la diffusion et toute forme d&rsquo;exploitation en dehors des limites du droit d&rsquo;auteur requi\u00e8rent l&rsquo;accord \u00e9crit de l&rsquo;auteur ou du cr\u00e9ateur concern\u00e9. Les t\u00e9l\u00e9chargements et les copies de cette page ne sont autoris\u00e9s que pour un usage priv\u00e9 et non commercial.<\/p>\n<p>Dans la mesure o\u00f9 les contenus de ce site n&rsquo;ont pas \u00e9t\u00e9 cr\u00e9\u00e9s par l&rsquo;exploitant, les droits d&rsquo;auteur de tiers sont respect\u00e9s. En particulier, les contenus de tiers sont identifi\u00e9s comme tels. Si vous deviez n\u00e9anmoins constater une violation des droits d&rsquo;auteur, nous vous prions de nous en informer. D\u00e8s que nous aurons connaissance d&rsquo;une violation de la loi, nous supprimerons imm\u00e9diatement de tels contenus.<\/p>\n\t\t\t\t\t\t\t\t<\/div>\n\t\t\t\t<\/div>\n\t\t\t\t\t<\/div>\n\t\t<\/div>\n\t\t\t\t\t<\/div>\n\t\t<\/section>\n\t\t\t\t<\/div>\n\t\t","protected":false},"excerpt":{"rendered":"<p>Mentions l\u00e9gales Responsable Katharina KutterAvocate Contact Sigismundstr. 1678462 KonstanzAllemagne T\u00e9l\u00e9phone: +49 7531 282100Fax: +49 7531 28210-10E-mail: info@kutterlaw.com R\u00e8glements professionnels applicables Bundesrechtsanwaltsordnung (BRAO) (Loi f\u00e9d\u00e9rale de la gestion des avocats)Rechtsanwaltsverg\u00fctungsgesetz (RVG) (Loi sur la r\u00e9mun\u00e9ration des avocats)Berufsordnung f\u00fcr Rechtsanw\u00e4lte (BORA) (Code professionnel des avocats) Num\u00e9ro d&rsquo;identification fiscale Ust-ID: DE310100664 Barreau comp\u00e9tent Barreau de Fribourg, Allemagne Assurance [&hellip;]<\/p>\n","protected":false},"author":1,"featured_media":0,"parent":0,"menu_order":900,"comment_status":"closed","ping_status":"closed","template":"","meta":{"footnotes":""},"class_list":["post-15168","page","type-page","status-publish","hentry"],"_links":{"self":[{"href":"https:\/\/kutterlaw.com\/fr\/wp-json\/wp\/v2\/pages\/15168","targetHints":{"allow":["GET"]}}],"collection":[{"href":"https:\/\/kutterlaw.com\/fr\/wp-json\/wp\/v2\/pages"}],"about":[{"href":"https:\/\/kutterlaw.com\/fr\/wp-json\/wp\/v2\/types\/page"}],"author":[{"embeddable":true,"href":"https:\/\/kutterlaw.com\/fr\/wp-json\/wp\/v2\/users\/1"}],"replies":[{"embeddable":true,"href":"https:\/\/kutterlaw.com\/fr\/wp-json\/wp\/v2\/comments?post=15168"}],"version-history":[{"count":0,"href":"https:\/\/kutterlaw.com\/fr\/wp-json\/wp\/v2\/pages\/15168\/revisions"}],"wp:attachment":[{"href":"https:\/\/kutterlaw.com\/fr\/wp-json\/wp\/v2\/media?parent=15168"}],"curies":[{"name":"wp","href":"https:\/\/api.w.org\/{rel}","templated":true}]}}